{"id":383,"date":"2018-10-18T18:34:51","date_gmt":"2018-10-18T18:34:51","guid":{"rendered":"https:\/\/tmh-dueren.de\/?page_id=383"},"modified":"2025-11-24T14:52:42","modified_gmt":"2025-11-24T14:52:42","slug":"impressum","status":"publish","type":"page","link":"https:\/\/tmh-dueren.de\/?page_id=383","title":{"rendered":"Impressum"},"content":{"rendered":"<p>[et_pb_section fb_built=&#8221;1&#8243; custom_padding_last_edited=&#8221;on|&#8221; _builder_version=&#8221;3.22&#8243; custom_margin=&#8221;|20px||&#8221; custom_margin_tablet=&#8221;&#8221; custom_margin_phone=&#8221;&#8221; custom_margin_last_edited=&#8221;on|phone&#8221; custom_padding=&#8221;|||5px&#8221; custom_padding_tablet=&#8221;&#8221; custom_padding_phone=&#8221;&#8221;][et_pb_row _builder_version=&#8221;3.25&#8243; background_size=&#8221;initial&#8221; background_position=&#8221;top_left&#8221; background_repeat=&#8221;repeat&#8221; hover_enabled=&#8221;0&#8243; sticky_enabled=&#8221;0&#8243;][et_pb_column type=&#8221;4_4&#8243; _builder_version=&#8221;3.25&#8243; custom_padding=&#8221;|||&#8221; custom_padding__hover=&#8221;|||&#8221;][et_pb_text _builder_version=&#8221;4.8.2&#8243; text_font_size=&#8221;14px&#8221; text_line_height=&#8221;1.8em&#8221; header_text_color=&#8221;#e2345c&#8221; custom_margin=&#8221;0px|||0px&#8221; hover_enabled=&#8221;0&#8243; sticky_enabled=&#8221;0&#8243;]<\/p>\n<h1>Impressum<\/h1>\n<p class=\"bodytext\"><strong>Inhaltlich Verantwortlicher gem\u00e4\u00df \u00a7 6 MDStV<\/strong><\/p>\n<p class=\"bodytext\">Jessica Konradi<\/p>\n<p class=\"bodytext\"><strong>Technische Umsetzung<\/strong><\/p>\n<p class=\"bodytext\">Johannes Vossen<\/p>\n<p class=\"bodytext\"><strong>Postanschrift<\/strong><\/p>\n<p class=\"bodytext\">Thomas-Morus-Haus D\u00fcren<br \/>Gr\u00fcng\u00fcrtel 41a<br \/>52351 D\u00fcren<br \/>Tel.: +49-2421- 3889815<br \/>E-Mail: <a href=\"mailto:jessica.konradi@st-lukas.org\">jessica.konradi@st-lukas.org<\/a><\/p>\n<p class=\"bodytext\"><strong>Haftungsausschluss<\/strong><\/p>\n<p class=\"bodytext\">F\u00fcr die komplette Website <a href=\"https:\/\/www.tmh-dueren.de\">www.tmh-dueren.de<\/a> gilt <a href=\"https:\/\/www.disclaimer.de\/disclaimer.htm?farbe=FFFFFF\/000000\/000000\/000000\" target=\"_blank\" rel=\"noopener noreferrer\">dieser Haftungsausschluss<\/a>\u00a0(Disclaimer).<\/p>\n<p>[\/et_pb_text][\/et_pb_column][\/et_pb_row][et_pb_row _builder_version=&#8221;3.25&#8243; custom_padding=&#8221;50px|0px|25.25px|0px|false|false&#8221;][et_pb_column type=&#8221;4_4&#8243; _builder_version=&#8221;3.25&#8243; custom_padding=&#8221;|||&#8221; custom_padding__hover=&#8221;|||&#8221;][et_pb_text _builder_version=&#8221;3.27.4&#8243; text_font_size=&#8221;14px&#8221; text_line_height=&#8221;1.8em&#8221; header_text_color=&#8221;#e2345c&#8221; custom_margin=&#8221;0px|||0px&#8221; hover_enabled=&#8221;0&#8243; sticky_enabled=&#8221;0&#8243;]<\/p>\n<p class=\"bodytext\">Das Thomas-Morus-Haus ist eine Einrichtung der Pfarre St. Lukas D\u00fcren.<\/p>\n<p><a href=\"http:\/\/www.st-lukas.org\">www.st-lukas.org<\/a><\/p>\n<p><img loading=\"lazy\" decoding=\"async\" class=\"alignnone wp-image-1102\" src=\"https:\/\/tmh-dueren.de\/wp-content\/uploads\/2020\/04\/st-lukas_schwarz.png\" alt=\"\" width=\"60\" height=\"78\" \/><\/p>\n<p>[\/et_pb_text][\/et_pb_column][\/et_pb_row][\/et_pb_section]<\/p>\n","protected":false},"excerpt":{"rendered":"<p>[et_pb_section fb_built=&#8221;1&#8243; custom_padding_last_edited=&#8221;on|&#8221; _builder_version=&#8221;3.22&#8243; custom_margin=&#8221;|20px||&#8221; custom_margin_tablet=&#8221;&#8221; custom_margin_phone=&#8221;&#8221; custom_margin_last_edited=&#8221;on|phone&#8221; custom_padding=&#8221;|||5px&#8221; custom_padding_tablet=&#8221;&#8221; custom_padding_phone=&#8221;&#8221;][et_pb_row _builder_version=&#8221;3.25&#8243; background_size=&#8221;initial&#8221; background_position=&#8221;top_left&#8221; background_repeat=&#8221;repeat&#8221; hover_enabled=&#8221;0&#8243; sticky_enabled=&#8221;0&#8243;][et_pb_column type=&#8221;4_4&#8243; _builder_version=&#8221;3.25&#8243; custom_padding=&#8221;|||&#8221; custom_padding__hover=&#8221;|||&#8221;][et_pb_text _builder_version=&#8221;4.8.2&#8243; text_font_size=&#8221;14px&#8221; text_line_height=&#8221;1.8em&#8221; header_text_color=&#8221;#e2345c&#8221; custom_margin=&#8221;0px|||0px&#8221; hover_enabled=&#8221;0&#8243; sticky_enabled=&#8221;0&#8243;] Impressum Inhaltlich Verantwortlicher gem\u00e4\u00df \u00a7 6 MDStV Jessica Konradi Technische Umsetzung Johannes Vossen Postanschrift Thomas-Morus-Haus D\u00fcrenGr\u00fcng\u00fcrtel 41a52351 D\u00fcrenTel.: +49-2421- 3889815E-Mail: jessica.konradi@st-lukas.org Haftungsausschluss F\u00fcr die komplette Website www.tmh-dueren.de [&hellip;]<\/p>\n","protected":false},"author":1,"featured_media":0,"parent":0,"menu_order":0,"comment_status":"closed","ping_status":"closed","template":"","meta":{"_et_pb_use_builder":"on","_et_pb_old_content":"","_et_gb_content_width":"","footnotes":""},"class_list":["post-383","page","type-page","status-publish","hentry"],"_links":{"self":[{"href":"https:\/\/tmh-dueren.de\/index.php?rest_route=\/wp\/v2\/pages\/383","targetHints":{"allow":["GET"]}}],"collection":[{"href":"https:\/\/tmh-dueren.de\/index.php?rest_route=\/wp\/v2\/pages"}],"about":[{"href":"https:\/\/tmh-dueren.de\/index.php?rest_route=\/wp\/v2\/types\/page"}],"author":[{"embeddable":true,"href":"https:\/\/tmh-dueren.de\/index.php?rest_route=\/wp\/v2\/users\/1"}],"replies":[{"embeddable":true,"href":"https:\/\/tmh-dueren.de\/index.php?rest_route=%2Fwp%2Fv2%2Fcomments&post=383"}],"version-history":[{"count":21,"href":"https:\/\/tmh-dueren.de\/index.php?rest_route=\/wp\/v2\/pages\/383\/revisions"}],"predecessor-version":[{"id":1558,"href":"https:\/\/tmh-dueren.de\/index.php?rest_route=\/wp\/v2\/pages\/383\/revisions\/1558"}],"wp:attachment":[{"href":"https:\/\/tmh-dueren.de\/index.php?rest_route=%2Fwp%2Fv2%2Fmedia&parent=383"}],"curies":[{"name":"wp","href":"https:\/\/api.w.org\/{rel}","templated":true}]}}