{"id":568,"date":"2018-11-09T12:45:28","date_gmt":"2018-11-09T12:45:28","guid":{"rendered":"https:\/\/tmh-dueren.de\/?page_id=568"},"modified":"2023-06-01T10:51:52","modified_gmt":"2023-06-01T10:51:52","slug":"vermietung","status":"publish","type":"page","link":"https:\/\/tmh-dueren.de\/?page_id=568","title":{"rendered":"Vermietung"},"content":{"rendered":"<p>[et_pb_section fb_built=&#8221;1&#8243; module_id=&#8221;tmh&#8221; _builder_version=&#8221;3.22&#8243;][et_pb_row _builder_version=&#8221;3.25&#8243; background_size=&#8221;initial&#8221; background_position=&#8221;top_left&#8221; background_repeat=&#8221;repeat&#8221;][et_pb_column type=&#8221;4_4&#8243; _builder_version=&#8221;3.25&#8243; custom_padding=&#8221;|||&#8221; custom_padding__hover=&#8221;|||&#8221;][et_pb_text _builder_version=&#8221;4.8.2&#8243; text_font=&#8221;Verdana||||||||&#8221; text_font_size=&#8221;16px&#8221; header_text_color=&#8221;#e2345c&#8221; custom_margin=&#8221;0px|||0px&#8221; hover_enabled=&#8221;0&#8243; sticky_enabled=&#8221;0&#8243;]<\/p>\n<h1 style=\"text-align: left;\"><b>Vermietung<\/b><\/h1>\n<p>Der Mehrzweckbereich des Hauses (Saal 134m\u00b2, Foyer mit Theke 104m\u00b2, K\u00fcche 13m\u00b2) kann f\u00fcr private Feste und Feierlichkeiten angemietet werden. Wegen der sehr hohen Nachfrage empfiehlt sich eine fr\u00fchzeitige Anfrage!<\/p>\n<p>Auch Vereine k\u00f6nnen die R\u00e4umlichkeiten anmieten. Hierf\u00fcr wenden Sie sich bitte an Jessica Konradi.<\/p>\n<p>Regularien:<\/p>\n<p><strong>\u2022\u00a0 Terminanfragen nur per Mail an Leiterin Jessica Konradi unter: Jessica.Konradi@st-lukas.org<\/strong><\/p>\n<p>\u2022\u00a0 Anmietung erst ab 18 Jahre m\u00f6glich<\/p>\n<p><strong>\u2022\u00a0 Vermietet wird Samstags<\/strong><\/p>\n<p><strong>\u2022\u00a0 Keine Vermietung in den Schulferien und an Feiertagen<\/strong><\/p>\n<p>\u2022\u00a0 Haus\u00fcbergabe freitags ab 21:00Uhr<\/p>\n<p><strong>\u2022\u00a0 Mietkosten: reine Miete 400,00\u20ac zzgl. 30,-\u20ac K\u00fcchennutzungs-und Geschirrpauschale\u00a0<\/strong><\/p>\n<p><strong>\u2022\u00a0 Kaution: 100,00\u20ac, F\u00e4lligkeit bei \u00dcbergabe an die Hausmeisterin Frau Diana Wildemann<\/strong><\/p>\n<p>\u2022\u00a0 Hausr\u00fcckgabe Sonntag Mittag 12 Uhr<\/p>\n<p>\u2022\u00a0 Terminzusagen erfolgen unter Vorbehalt bis zu einem halben Jahr vor Miettermin<\/p>\n<p>\u2022\u00a0 Mietvertrag\u00a0 wird ein halbes Jahr vor Miettermin abgeschlossen<\/p>\n<p>\u2022\u00a0 R\u00fcckgabe der R\u00e4umlichkeiten: in gereinigtem Zustand<\/p>\n<p>\u2022\u00a0 Tische und Bestuhlung: 25 Tische (140&#215;70), 200 St\u00fchle<\/p>\n<p>\u2022\u00a0 Geschirr: Kaffeeservice, flache Teller, Suppenteller, Bestecke f\u00fcr 120 Personen (Farbe wei\u00df); Wein-, Sekt- und Saftgl\u00e4ser<\/p>\n<p>\u2022\u00a0 K\u00fcchen-Ausstattung: 3 K\u00fchlschr\u00e4nke, E-Herd mit Backofen, Haush.-Sp\u00fclmaschine, Kaffeemaschine<\/p>\n<p style=\"text-align: center;\"><strong>Besichtigungen sind nur w\u00e4hrend unserer <a href=\"https:\/\/tmh-dueren.de\/?page_id=477\">\u00d6ffnungszeiten<\/a> m\u00f6glich!<\/strong><\/p>\n<p>[\/et_pb_text][et_pb_slider _builder_version=&#8221;3.18.1&#8243;][et_pb_slide use_bg_overlay=&#8221;off&#8221; use_text_overlay=&#8221;off&#8221; _builder_version=&#8221;3.18.1&#8243; background_color=&#8221;#328cdb&#8221; background_image=&#8221;https:\/\/tmh-dueren.de\/wp-content\/uploads\/2019\/08\/20190525_102146.jpg&#8221; button_on_hover=&#8221;on&#8221; sticky_transition=&#8221;on&#8221;]<\/p>\n<p>&nbsp;<\/p>\n<p>&nbsp;<\/p>\n<p>&nbsp;<\/p>\n<p>&nbsp;<\/p>\n<p>&nbsp;<\/p>\n<p>&nbsp;<\/p>\n<p>[\/et_pb_slide][et_pb_slide use_bg_overlay=&#8221;off&#8221; use_text_overlay=&#8221;off&#8221; _builder_version=&#8221;3.18.1&#8243; background_color=&#8221;#328cdb&#8221; background_image=&#8221;https:\/\/tmh-dueren.de\/wp-content\/uploads\/2019\/08\/20190525_102212.jpg&#8221; button_on_hover=&#8221;on&#8221; sticky_transition=&#8221;on&#8221;]<\/p>\n<p>&nbsp;<\/p>\n<p>&nbsp;<\/p>\n<p>&nbsp;<\/p>\n<p>&nbsp;<\/p>\n<p>&nbsp;<\/p>\n<p>&nbsp;<\/p>\n<p>[\/et_pb_slide][et_pb_slide use_bg_overlay=&#8221;off&#8221; use_text_overlay=&#8221;off&#8221; _builder_version=&#8221;3.18.1&#8243; background_color=&#8221;#328cdb&#8221; background_image=&#8221;https:\/\/tmh-dueren.de\/wp-content\/uploads\/2019\/08\/20190525_102121.jpg&#8221; button_on_hover=&#8221;on&#8221; sticky_transition=&#8221;on&#8221;]<\/p>\n<p>&nbsp;<\/p>\n<p>&nbsp;<\/p>\n<p>&nbsp;<\/p>\n<p>&nbsp;<\/p>\n<p>&nbsp;<\/p>\n<p>&nbsp;<\/p>\n<p>[\/et_pb_slide][et_pb_slide use_bg_overlay=&#8221;off&#8221; use_text_overlay=&#8221;off&#8221; _builder_version=&#8221;3.18.1&#8243; background_color=&#8221;#328cdb&#8221; background_image=&#8221;https:\/\/tmh-dueren.de\/wp-content\/uploads\/2018\/11\/tmhbild.jpg&#8221; button_on_hover=&#8221;on&#8221; sticky_transition=&#8221;on&#8221;]<\/p>\n<p>&nbsp;<\/p>\n<p>&nbsp;<\/p>\n<p>&nbsp;<\/p>\n<p>&nbsp;<\/p>\n<p>&nbsp;<\/p>\n<p>&nbsp;<\/p>\n<p>[\/et_pb_slide][\/et_pb_slider][\/et_pb_column][\/et_pb_row][\/et_pb_section]<\/p>\n","protected":false},"excerpt":{"rendered":"<p>[et_pb_section fb_built=&#8221;1&#8243; module_id=&#8221;tmh&#8221; _builder_version=&#8221;3.22&#8243;][et_pb_row _builder_version=&#8221;3.25&#8243; background_size=&#8221;initial&#8221; background_position=&#8221;top_left&#8221; background_repeat=&#8221;repeat&#8221;][et_pb_column type=&#8221;4_4&#8243; _builder_version=&#8221;3.25&#8243; custom_padding=&#8221;|||&#8221; custom_padding__hover=&#8221;|||&#8221;][et_pb_text _builder_version=&#8221;4.8.2&#8243; text_font=&#8221;Verdana||||||||&#8221; text_font_size=&#8221;16px&#8221; header_text_color=&#8221;#e2345c&#8221; custom_margin=&#8221;0px|||0px&#8221; hover_enabled=&#8221;0&#8243; sticky_enabled=&#8221;0&#8243;] Vermietung Der Mehrzweckbereich des Hauses (Saal 134m\u00b2, Foyer mit Theke 104m\u00b2, K\u00fcche 13m\u00b2) kann f\u00fcr private Feste und Feierlichkeiten angemietet werden. Wegen der sehr hohen Nachfrage empfiehlt sich eine fr\u00fchzeitige Anfrage! Auch Vereine k\u00f6nnen die R\u00e4umlichkeiten [&hellip;]<\/p>\n","protected":false},"author":1,"featured_media":0,"parent":0,"menu_order":0,"comment_status":"closed","ping_status":"closed","template":"","meta":{"_et_pb_use_builder":"on","_et_pb_old_content":"","_et_gb_content_width":"","footnotes":""},"class_list":["post-568","page","type-page","status-publish","hentry"],"_links":{"self":[{"href":"https:\/\/tmh-dueren.de\/index.php?rest_route=\/wp\/v2\/pages\/568","targetHints":{"allow":["GET"]}}],"collection":[{"href":"https:\/\/tmh-dueren.de\/index.php?rest_route=\/wp\/v2\/pages"}],"about":[{"href":"https:\/\/tmh-dueren.de\/index.php?rest_route=\/wp\/v2\/types\/page"}],"author":[{"embeddable":true,"href":"https:\/\/tmh-dueren.de\/index.php?rest_route=\/wp\/v2\/users\/1"}],"replies":[{"embeddable":true,"href":"https:\/\/tmh-dueren.de\/index.php?rest_route=%2Fwp%2Fv2%2Fcomments&post=568"}],"version-history":[{"count":15,"href":"https:\/\/tmh-dueren.de\/index.php?rest_route=\/wp\/v2\/pages\/568\/revisions"}],"predecessor-version":[{"id":1462,"href":"https:\/\/tmh-dueren.de\/index.php?rest_route=\/wp\/v2\/pages\/568\/revisions\/1462"}],"wp:attachment":[{"href":"https:\/\/tmh-dueren.de\/index.php?rest_route=%2Fwp%2Fv2%2Fmedia&parent=568"}],"curies":[{"name":"wp","href":"https:\/\/api.w.org\/{rel}","templated":true}]}}